{"id":536,"date":"2020-08-12T00:27:43","date_gmt":"2020-08-12T03:27:43","guid":{"rendered":"https:\/\/www.servitecsic.cl\/?page_id=536"},"modified":"2020-08-17T23:36:47","modified_gmt":"2020-08-18T02:36:47","slug":"soluciones-informaticas","status":"publish","type":"page","link":"https:\/\/www.servitecsic.cl\/?page_id=536","title":{"rendered":"Soluciones Inform\u00e1ticas"},"content":{"rendered":"\t\t<div data-elementor-type=\"wp-page\" data-elementor-id=\"536\" class=\"elementor elementor-536\">\n\t\t\t\t\t\t<div class=\"elementor-inner\">\n\t\t\t\t<div class=\"elementor-section-wrap\">\n\t\t\t\t\t\t\t\t\t<section class=\"elementor-section elementor-top-section elementor-element elementor-element-0485515 elementor-section-content-top elementor-section-boxed elementor-section-height-default elementor-section-height-default\" data-id=\"0485515\" data-element_type=\"section\">\n\t\t\t\t\t\t<div class=\"elementor-container elementor-column-gap-default\">\n\t\t\t\t\t\t\t<div class=\"elementor-row\">\n\t\t\t\t\t<div class=\"elementor-column elementor-col-100 elementor-top-column elementor-element elementor-element-bf085fb\" data-id=\"bf085fb\" data-element_type=\"column\">\n\t\t\t<div class=\"elementor-column-wrap elementor-element-populated\">\n\t\t\t\t\t\t\t<div class=\"elementor-widget-wrap\">\n\t\t\t\t\t\t<div class=\"elementor-element elementor-element-accfa02 elementor-widget elementor-widget-image\" data-id=\"accfa02\" data-element_type=\"widget\" data-widget_type=\"image.default\">\n\t\t\t\t<div class=\"elementor-widget-container\">\n\t\t\t\t\t\t\t\t<div class=\"elementor-image\">\n\t\t\t\t\t\t\t\t\t\t\t\t<img width=\"300\" height=\"104\" src=\"https:\/\/www.servitecsic.cl\/wp-content\/uploads\/2019\/08\/Logo-Servitec-E.I.R.L.-300x104.png\" class=\"attachment-medium size-medium\" alt=\"Soluciones Inform\u00e1ticas y CCTV\" loading=\"lazy\" srcset=\"https:\/\/www.servitecsic.cl\/wp-content\/uploads\/2019\/08\/Logo-Servitec-E.I.R.L.-300x104.png 300w, https:\/\/www.servitecsic.cl\/wp-content\/uploads\/2019\/08\/Logo-Servitec-E.I.R.L..png 483w\" sizes=\"(max-width: 300px) 100vw, 300px\" \/>\t\t\t\t\t\t\t\t\t\t\t\t\t\t<\/div>\n\t\t\t\t\t\t<\/div>\n\t\t\t\t<\/div>\n\t\t\t\t\t\t<\/div>\n\t\t\t\t\t<\/div>\n\t\t<\/div>\n\t\t\t\t\t\t\t\t<\/div>\n\t\t\t\t\t<\/div>\n\t\t<\/section>\n\t\t\t\t<section class=\"elementor-section elementor-top-section elementor-element elementor-element-360cc54 elementor-section-boxed elementor-section-height-default elementor-section-height-default\" data-id=\"360cc54\" data-element_type=\"section\">\n\t\t\t\t\t\t<div class=\"elementor-container elementor-column-gap-default\">\n\t\t\t\t\t\t\t<div class=\"elementor-row\">\n\t\t\t\t\t<div class=\"elementor-column elementor-col-100 elementor-top-column elementor-element elementor-element-cef7f73\" data-id=\"cef7f73\" data-element_type=\"column\">\n\t\t\t<div class=\"elementor-column-wrap elementor-element-populated\">\n\t\t\t\t\t\t\t<div class=\"elementor-widget-wrap\">\n\t\t\t\t\t\t<div class=\"elementor-element elementor-element-99b4b02 elementor-nav-menu__align-center elementor-nav-menu--dropdown-none elementor-nav-menu--indicator-classic elementor-widget elementor-widget-nav-menu\" data-id=\"99b4b02\" data-element_type=\"widget\" data-settings=\"{&quot;layout&quot;:&quot;horizontal&quot;}\" data-widget_type=\"nav-menu.default\">\n\t\t\t\t<div class=\"elementor-widget-container\">\n\t\t\t\t\t\t<nav role=\"navigation\" class=\"elementor-nav-menu--main elementor-nav-menu__container elementor-nav-menu--layout-horizontal e--pointer-text e--animation-grow\"><ul id=\"menu-1-99b4b02\" class=\"elementor-nav-menu\"><li class=\"menu-item menu-item-type-post_type menu-item-object-page menu-item-home menu-item-605\"><a href=\"https:\/\/www.servitecsic.cl\/\" class=\"elementor-item\">Inicio<\/a><\/li>\n<li class=\"menu-item menu-item-type-custom menu-item-object-custom menu-item-625\"><a href=\"https:\/\/www.servitecsic.cl\/Organizer\/index.php\" class=\"elementor-item\">Agenda Sic<\/a><\/li>\n<li class=\"menu-item menu-item-type-post_type menu-item-object-page menu-item-608\"><a href=\"https:\/\/www.servitecsic.cl\/?page_id=496\" class=\"elementor-item\">Contacto<\/a><\/li>\n<li class=\"menu-item menu-item-type-post_type menu-item-object-page menu-item-609\"><a href=\"https:\/\/www.servitecsic.cl\/?page_id=302\" class=\"elementor-item\">Descargas<\/a><\/li>\n<li class=\"menu-item menu-item-type-post_type menu-item-object-page menu-item-614\"><a href=\"https:\/\/www.servitecsic.cl\/?page_id=305\" class=\"elementor-item\">Tutoriales<\/a><\/li>\n<li class=\"menu-item menu-item-type-post_type menu-item-object-page menu-item-613\"><a href=\"https:\/\/www.servitecsic.cl\/?page_id=565\" class=\"elementor-item\">Tienda<\/a><\/li>\n<\/ul><\/nav>\n\t\t\t\t\t<div class=\"elementor-menu-toggle\" role=\"button\" tabindex=\"0\" aria-label=\"Menu Toggle\" aria-expanded=\"false\">\n\t\t\t<i class=\"eicon-menu-bar\" aria-hidden=\"true\"><\/i>\n\t\t\t<span class=\"elementor-screen-only\">Menu<\/span>\n\t\t<\/div>\n\t\t\t<nav class=\"elementor-nav-menu--dropdown elementor-nav-menu__container\" role=\"navigation\" aria-hidden=\"true\"><ul id=\"menu-2-99b4b02\" class=\"elementor-nav-menu\"><li class=\"menu-item menu-item-type-post_type menu-item-object-page menu-item-home menu-item-605\"><a href=\"https:\/\/www.servitecsic.cl\/\" class=\"elementor-item\">Inicio<\/a><\/li>\n<li class=\"menu-item menu-item-type-custom menu-item-object-custom menu-item-625\"><a href=\"https:\/\/www.servitecsic.cl\/Organizer\/index.php\" class=\"elementor-item\">Agenda Sic<\/a><\/li>\n<li class=\"menu-item menu-item-type-post_type menu-item-object-page menu-item-608\"><a href=\"https:\/\/www.servitecsic.cl\/?page_id=496\" class=\"elementor-item\">Contacto<\/a><\/li>\n<li class=\"menu-item menu-item-type-post_type menu-item-object-page menu-item-609\"><a href=\"https:\/\/www.servitecsic.cl\/?page_id=302\" class=\"elementor-item\">Descargas<\/a><\/li>\n<li class=\"menu-item menu-item-type-post_type menu-item-object-page menu-item-614\"><a href=\"https:\/\/www.servitecsic.cl\/?page_id=305\" class=\"elementor-item\">Tutoriales<\/a><\/li>\n<li class=\"menu-item menu-item-type-post_type menu-item-object-page menu-item-613\"><a href=\"https:\/\/www.servitecsic.cl\/?page_id=565\" class=\"elementor-item\">Tienda<\/a><\/li>\n<\/ul><\/nav>\n\t\t\t\t<\/div>\n\t\t\t\t<\/div>\n\t\t\t\t\t\t<\/div>\n\t\t\t\t\t<\/div>\n\t\t<\/div>\n\t\t\t\t\t\t\t\t<\/div>\n\t\t\t\t\t<\/div>\n\t\t<\/section>\n\t\t\t\t<section class=\"elementor-section elementor-top-section elementor-element elementor-element-74e2757 elementor-section-boxed elementor-section-height-default elementor-section-height-default\" data-id=\"74e2757\" data-element_type=\"section\">\n\t\t\t\t\t\t<div class=\"elementor-container elementor-column-gap-default\">\n\t\t\t\t\t\t\t<div class=\"elementor-row\">\n\t\t\t\t\t<div class=\"elementor-column elementor-col-100 elementor-top-column elementor-element elementor-element-468eea6\" data-id=\"468eea6\" data-element_type=\"column\">\n\t\t\t<div class=\"elementor-column-wrap elementor-element-populated\">\n\t\t\t\t\t\t\t<div class=\"elementor-widget-wrap\">\n\t\t\t\t\t\t<div class=\"elementor-element elementor-element-fdfe919 elementor-flip-box--3d elementor-flip-box--effect-flip elementor-flip-box--direction-up elementor-widget elementor-widget-flip-box\" data-id=\"fdfe919\" data-element_type=\"widget\" data-widget_type=\"flip-box.default\">\n\t\t\t\t<div class=\"elementor-widget-container\">\n\t\t\t\t\t<div class=\"elementor-flip-box\">\n\t\t\t<div class=\"elementor-flip-box__layer elementor-flip-box__front\">\n\t\t\t\t<div class=\"elementor-flip-box__layer__overlay\">\n\t\t\t\t\t<div class=\"elementor-flip-box__layer__inner\">\n\t\t\t\t\t\t\n\t\t\t\t\t\t\t\t\t\t\t\t\t<h3 class=\"elementor-flip-box__layer__title\">\n\t\t\t\t\t\t\t\tSoluciones Inform\u00e1ticas\t\t\t\t\t\t\t<\/h3>\n\t\t\t\t\t\t\n\t\t\t\t\t\t\t\t\t\t\t\t\t<div class=\"elementor-flip-box__layer__description\">\n\t\t\t\t\t\t\t\tAsistencia T\u00e9cnica \/ Instalaciones \/ Ventas \/ Programas \/ Hosting \/ P\u00e1ginas Web,servidor correos \/ Software a medida \/ Redes Lan Inal\u00e1mbricas\t\t\t\t\t\t\t<\/div>\n\t\t\t\t\t\t\t\t\t\t\t<\/div>\n\t\t\t\t<\/div>\n\t\t\t<\/div>\n\t\t\t<div class=\"elementor-flip-box__layer elementor-flip-box__back\">\n\t\t\t<div class=\"elementor-flip-box__layer__overlay\">\n\t\t\t\t<div class=\"elementor-flip-box__layer__inner\">\n\t\t\t\t\t\t\t\t\t\t\t<h3 class=\"elementor-flip-box__layer__title\">\n\t\t\t\t\t\t\tSoluciones CCTV\t\t\t\t\t\t<\/h3>\n\t\t\t\t\t\n\t\t\t\t\t\t\t\t\t\t\t<div class=\"elementor-flip-box__layer__description\">\n\t\t\t\t\t\t\tVenta e instalaci\u00f3n CCTV \/ C\u00e1maras de Seguridad \/ Proyectos \/ Instalaciones inal\u00e1mbricas\t\t\t\t\t\t<\/div>\n\t\t\t\t\t\n\t\t\t\t\t\t\t\t<\/div>\n\t\t<\/div>\n\t\t<\/div>\n\t\t<\/div>\n\t\t\t\t<\/div>\n\t\t\t\t<\/div>\n\t\t\t\t\t\t<\/div>\n\t\t\t\t\t<\/div>\n\t\t<\/div>\n\t\t\t\t\t\t\t\t<\/div>\n\t\t\t\t\t<\/div>\n\t\t<\/section>\n\t\t\t\t<section class=\"elementor-section elementor-top-section elementor-element elementor-element-584440b elementor-section-boxed elementor-section-height-default elementor-section-height-default\" data-id=\"584440b\" data-element_type=\"section\">\n\t\t\t\t\t\t<div class=\"elementor-container elementor-column-gap-default\">\n\t\t\t\t\t\t\t<div class=\"elementor-row\">\n\t\t\t\t\t<div class=\"elementor-column elementor-col-100 elementor-top-column elementor-element elementor-element-1a96d81\" data-id=\"1a96d81\" data-element_type=\"column\">\n\t\t\t<div class=\"elementor-column-wrap elementor-element-populated\">\n\t\t\t\t\t\t\t<div class=\"elementor-widget-wrap\">\n\t\t\t\t\t\t<div class=\"elementor-element elementor-element-bbe8a30 elementor-widget elementor-widget-heading\" data-id=\"bbe8a30\" data-element_type=\"widget\" data-widget_type=\"heading.default\">\n\t\t\t\t<div class=\"elementor-widget-container\">\n\t\t\t<h1 class=\"elementor-heading-title elementor-size-default\">Soluciones Inform\u00e1ticas<\/h1>\t\t<\/div>\n\t\t\t\t<\/div>\n\t\t\t\t<div class=\"elementor-element elementor-element-8ef27d9 elementor-widget elementor-widget-text-editor\" data-id=\"8ef27d9\" data-element_type=\"widget\" data-widget_type=\"text-editor.default\">\n\t\t\t\t<div class=\"elementor-widget-container\">\n\t\t\t\t\t\t\t\t<div class=\"elementor-text-editor elementor-clearfix\">\n\t\t\t\t<h1 style=\"padding-left: 40px; text-align: left;\"><span style=\"color: #333399;\"><strong>Servitecsic.<\/strong><\/span><\/h1><p>Servicio T\u00e9cnico y soluciones Inform\u00e1ticas, dedicado a la atenci\u00f3n de soporte a Empresas y clientes Particulares, desde 1996 en la ciudad de Iquique. Dando servicio en instalaciones, reparaciones y configuraciones de Computadores y Notebooks.\u00a0 Instalaciones de Redes Lan e Inal\u00e1mbricas. Dise\u00f1os Web y Programas a medida de acuerdo a los requerimientos del cliente. Servicios de WebHosting y correos corporativos.<\/p><p>Adem\u00e1s de prestar asesor\u00eda a nuestros clientes en todo a lo referente a sus adquisiciones y toma de decisiones en sus inversiones Inform\u00e1ticas.<\/p>\t\t\t\t\t<\/div>\n\t\t\t\t\t\t<\/div>\n\t\t\t\t<\/div>\n\t\t\t\t<div class=\"elementor-element elementor-element-ad3587b elementor-widget elementor-widget-image\" data-id=\"ad3587b\" data-element_type=\"widget\" data-widget_type=\"image.default\">\n\t\t\t\t<div class=\"elementor-widget-container\">\n\t\t\t\t\t\t\t\t<div class=\"elementor-image\">\n\t\t\t\t\t\t\t\t\t\t\t\t<img width=\"300\" height=\"169\" src=\"https:\/\/www.servitecsic.cl\/wp-content\/uploads\/2020\/08\/Computacion-3-300x169.jpg\" class=\"attachment-medium size-medium\" alt=\"\" loading=\"lazy\" srcset=\"https:\/\/www.servitecsic.cl\/wp-content\/uploads\/2020\/08\/Computacion-3-300x169.jpg 300w, https:\/\/www.servitecsic.cl\/wp-content\/uploads\/2020\/08\/Computacion-3-1x1.jpg 1w, https:\/\/www.servitecsic.cl\/wp-content\/uploads\/2020\/08\/Computacion-3.jpg 580w\" sizes=\"(max-width: 300px) 100vw, 300px\" \/>\t\t\t\t\t\t\t\t\t\t\t\t\t\t<\/div>\n\t\t\t\t\t\t<\/div>\n\t\t\t\t<\/div>\n\t\t\t\t\t\t<\/div>\n\t\t\t\t\t<\/div>\n\t\t<\/div>\n\t\t\t\t\t\t\t\t<\/div>\n\t\t\t\t\t<\/div>\n\t\t<\/section>\n\t\t\t\t\t\t\t\t\t<\/div>\n\t\t\t<\/div>\n\t\t\t\t\t<\/div>\n\t\t","protected":false},"excerpt":{"rendered":"<p>Soluciones Inform\u00e1ticas Asistencia T\u00e9cnica \/ Instalaciones \/ Ventas \/ Programas \/ Hosting \/ P\u00e1ginas Web,servidor correos \/ Software a medida \/ Redes Lan Inal\u00e1mbricas Soluciones CCTV Venta e instalaci\u00f3n CCTV \/ C\u00e1maras de Seguridad \/ Proyectos \/ Instalaciones inal\u00e1mbricas Soluciones Inform\u00e1ticas Servitecsic. Servicio T\u00e9cnico y soluciones Inform\u00e1ticas, dedicado a la atenci\u00f3n de soporte a Empresas [&hellip;]<\/p>\n","protected":false},"author":1,"featured_media":0,"parent":0,"menu_order":0,"comment_status":"closed","ping_status":"closed","template":"elementor_canvas","meta":[],"_links":{"self":[{"href":"https:\/\/www.servitecsic.cl\/index.php?rest_route=\/wp\/v2\/pages\/536"}],"collection":[{"href":"https:\/\/www.servitecsic.cl\/index.php?rest_route=\/wp\/v2\/pages"}],"about":[{"href":"https:\/\/www.servitecsic.cl\/index.php?rest_route=\/wp\/v2\/types\/page"}],"author":[{"embeddable":true,"href":"https:\/\/www.servitecsic.cl\/index.php?rest_route=\/wp\/v2\/users\/1"}],"replies":[{"embeddable":true,"href":"https:\/\/www.servitecsic.cl\/index.php?rest_route=%2Fwp%2Fv2%2Fcomments&post=536"}],"version-history":[{"count":12,"href":"https:\/\/www.servitecsic.cl\/index.php?rest_route=\/wp\/v2\/pages\/536\/revisions"}],"predecessor-version":[{"id":676,"href":"https:\/\/www.servitecsic.cl\/index.php?rest_route=\/wp\/v2\/pages\/536\/revisions\/676"}],"wp:attachment":[{"href":"https:\/\/www.servitecsic.cl\/index.php?rest_route=%2Fwp%2Fv2%2Fmedia&parent=536"}],"curies":[{"name":"wp","href":"https:\/\/api.w.org\/{rel}","templated":true}]}}